{"id":1005,"date":"2025-05-16T16:06:59","date_gmt":"2025-05-16T16:06:59","guid":{"rendered":"https:\/\/jelenapopovic-architect.com\/?page_id=1005"},"modified":"2025-05-18T19:47:56","modified_gmt":"2025-05-18T19:47:56","slug":"slasticarna","status":"publish","type":"page","link":"https:\/\/jelenapopovic-architect.com\/en\/projekti\/enterijer\/slasticarna\/","title":{"rendered":"Pastry shop"},"content":{"rendered":"<div class=\"wp-block-uagb-container uagb-block-b5972172 alignfull uagb-is-root-container\"><div class=\"uagb-container-inner-blocks-wrap\">\n<div class=\"wp-block-uagb-container uagb-block-b505e2f6\">\n<div data-aos= \"fade-down\" data-aos-duration=\"400\" data-aos-delay=\"0\" data-aos-easing=\"ease\" data-aos-once=\"true\" class=\"wp-block-uagb-advanced-heading uagb-block-34910ae0\"><p class=\"uagb-heading-text\">POSLOVNI PROSTOR<\/p><\/div>\n\n\n\n<div data-aos= \"fade-down\" data-aos-duration=\"400\" data-aos-delay=\"0\" data-aos-easing=\"ease\" data-aos-once=\"true\" class=\"wp-block-uagb-advanced-heading uagb-block-c8f493c8\"><h1 class=\"uagb-heading-text\">SLASTI\u010cARNA<\/h1><\/div>\n<\/div>\n<\/div><\/div>\n\n\n\n<div class=\"wp-block-uagb-container uagb-block-ddd9892e alignfull uagb-is-root-container\"><div class=\"uagb-container-inner-blocks-wrap\">\n<div class=\"wp-block-uagb-advanced-heading uagb-block-63391f91 custom-max-800\"><h5 class=\"uagb-heading-text\"><strong>SPOJ UKUSA I DIZAJNA<\/strong><\/h5><\/div>\n\n\n\n<div style=\"height:40px\" aria-hidden=\"true\" class=\"wp-block-spacer\"><\/div>\n\n\n\n<div class=\"wp-block-uagb-container uagb-block-173a0737\">\n<div class=\"wp-block-uagb-advanced-heading uagb-block-078dced5 custom-max-800\"><p class=\"uagb-heading-text\">Slasti\u010darna u kojoj pastelne nijanse, zaobljene forme i elegantni detalji stvaraju atmosferu nje\u017enosti i topline. Prostor koji budi osjetila i poziva na u\u017eivanje u svakom zalogaju. Pa\u017eljivo osmi\u0161ljeni enterijer nagla\u0161ava osje\u0107aj lako\u0107e, prozra\u010dnosti i vedrine, \u010dine\u0107i svaku posjetu malim bijegom iz svakodnevice. Dizajn koji prati ritam slatkih trenutaka.<\/p><\/div>\n<\/div>\n<\/div><\/div>\n\n\n\n<div class=\"wp-block-uagb-container uagb-block-aac15c58 alignfull uagb-is-root-container\"><div class=\"uagb-container-inner-blocks-wrap\">\n<div data-aos= \"fade-down\" data-aos-duration=\"400\" data-aos-delay=\"0\" data-aos-easing=\"ease\" data-aos-once=\"true\" class=\"wp-block-uagb-advanced-heading uagb-block-410527d9\"><h2 class=\"uagb-heading-text\">GALERIJA<\/h2><\/div>\n\n\n\n<div style=\"height:40px\" aria-hidden=\"true\" class=\"wp-block-spacer\"><\/div>\n\n\n\n<div class=\"wp-block-uagb-container uagb-layout-flex uagb-block-0e686b22\">\t\t\t\t\t<div\n\t\t\t\t\t\tclass=\"wp-block-uagb-image-gallery uagb-block-5e6669d9\"\n\t\t\t\t\t\tstyle=\"\"\n\t\t\t\t\t>\n\t\t\t\t\t\t\t\t\t\t\t<div class=\"spectra-image-gallery spectra-image-gallery__layout--grid spectra-image-gallery__layout--grid-col-4 spectra-image-gallery__layout--grid-col-tab-3 spectra-image-gallery__layout--grid-col-mob-2\">\n\t\t\t\t\t\t\t\t\t\t\t<div class='spectra-image-gallery__media-wrapper' data-spectra-gallery-image-id='872' tabindex=\"0\">\n\t\t\t\t\t\t\t<div class=\"spectra-image-gallery__media spectra-image-gallery__media--grid\">\n\t\t\t\t<picture>\n\t\t\t\t\t<source media=\"(min-width: 1024px)\" srcset=\"https:\/\/jelenapopovic-architect.com\/wp-content\/uploads\/2025\/05\/23-1024x576.png\">\n\t\t\t\t\t<source media=\"(min-width: 768px)\" srcset=\"https:\/\/jelenapopovic-architect.com\/wp-content\/uploads\/2025\/05\/23-1024x576.png\">\n\t\t\t\t\t<img decoding=\"async\" class=\"spectra-image-gallery__media-thumbnail spectra-image-gallery__media-thumbnail--grid\" src=\"https:\/\/jelenapopovic-architect.com\/wp-content\/uploads\/2025\/05\/23-300x169.png\" alt=\"Dizajn enterijera - Slasti\u010darna\" loading=\"lazy\" \/>\n\t\t\t\t<\/picture>\n\t\t\t\t<div class=\"spectra-image-gallery__media-thumbnail-blurrer\"><\/div>\n\t\t\t\t\t\t\t\t\t\t\t<div class=\"spectra-image-gallery__media-thumbnail-caption-wrapper spectra-image-gallery__media-thumbnail-caption-wrapper--overlay\"><\/div>\n\t\t\t\t\t\t\t\t<\/div>\n\t\t\t\t\t\t<\/div>\n\t\t\t\t\t\t<div class='spectra-image-gallery__media-wrapper' data-spectra-gallery-image-id='873' tabindex=\"0\">\n\t\t\t\t\t\t\t<div class=\"spectra-image-gallery__media spectra-image-gallery__media--grid\">\n\t\t\t\t<picture>\n\t\t\t\t\t<source media=\"(min-width: 1024px)\" srcset=\"https:\/\/jelenapopovic-architect.com\/wp-content\/uploads\/2025\/05\/24-1024x576.png\">\n\t\t\t\t\t<source media=\"(min-width: 768px)\" srcset=\"https:\/\/jelenapopovic-architect.com\/wp-content\/uploads\/2025\/05\/24-1024x576.png\">\n\t\t\t\t\t<img decoding=\"async\" class=\"spectra-image-gallery__media-thumbnail spectra-image-gallery__media-thumbnail--grid\" src=\"https:\/\/jelenapopovic-architect.com\/wp-content\/uploads\/2025\/05\/24-300x169.png\" alt=\"Dizajn enterijera - Slasti\u010darna\" loading=\"lazy\" \/>\n\t\t\t\t<\/picture>\n\t\t\t\t<div class=\"spectra-image-gallery__media-thumbnail-blurrer\"><\/div>\n\t\t\t\t\t\t\t\t\t\t\t<div class=\"spectra-image-gallery__media-thumbnail-caption-wrapper spectra-image-gallery__media-thumbnail-caption-wrapper--overlay\"><\/div>\n\t\t\t\t\t\t\t\t<\/div>\n\t\t\t\t\t\t<\/div>\n\t\t\t\t\t\t<div class='spectra-image-gallery__media-wrapper' data-spectra-gallery-image-id='874' tabindex=\"0\">\n\t\t\t\t\t\t\t<div class=\"spectra-image-gallery__media spectra-image-gallery__media--grid\">\n\t\t\t\t<picture>\n\t\t\t\t\t<source media=\"(min-width: 1024px)\" srcset=\"https:\/\/jelenapopovic-architect.com\/wp-content\/uploads\/2025\/05\/25-1024x576.png\">\n\t\t\t\t\t<source media=\"(min-width: 768px)\" srcset=\"https:\/\/jelenapopovic-architect.com\/wp-content\/uploads\/2025\/05\/25-1024x576.png\">\n\t\t\t\t\t<img decoding=\"async\" class=\"spectra-image-gallery__media-thumbnail spectra-image-gallery__media-thumbnail--grid\" src=\"https:\/\/jelenapopovic-architect.com\/wp-content\/uploads\/2025\/05\/25-300x169.png\" alt=\"Dizajn enterijera - Slasti\u010darna\" loading=\"lazy\" \/>\n\t\t\t\t<\/picture>\n\t\t\t\t<div class=\"spectra-image-gallery__media-thumbnail-blurrer\"><\/div>\n\t\t\t\t\t\t\t\t\t\t\t<div class=\"spectra-image-gallery__media-thumbnail-caption-wrapper spectra-image-gallery__media-thumbnail-caption-wrapper--overlay\"><\/div>\n\t\t\t\t\t\t\t\t<\/div>\n\t\t\t\t\t\t<\/div>\n\t\t\t\t\t\t<div class='spectra-image-gallery__media-wrapper' data-spectra-gallery-image-id='875' tabindex=\"0\">\n\t\t\t\t\t\t\t<div class=\"spectra-image-gallery__media spectra-image-gallery__media--grid\">\n\t\t\t\t<picture>\n\t\t\t\t\t<source media=\"(min-width: 1024px)\" srcset=\"https:\/\/jelenapopovic-architect.com\/wp-content\/uploads\/2025\/05\/26-1024x576.png\">\n\t\t\t\t\t<source media=\"(min-width: 768px)\" srcset=\"https:\/\/jelenapopovic-architect.com\/wp-content\/uploads\/2025\/05\/26-1024x576.png\">\n\t\t\t\t\t<img decoding=\"async\" class=\"spectra-image-gallery__media-thumbnail spectra-image-gallery__media-thumbnail--grid\" src=\"https:\/\/jelenapopovic-architect.com\/wp-content\/uploads\/2025\/05\/26-300x169.png\" alt=\"Dizajn enterijera - Slasti\u010darna\" loading=\"lazy\" \/>\n\t\t\t\t<\/picture>\n\t\t\t\t<div class=\"spectra-image-gallery__media-thumbnail-blurrer\"><\/div>\n\t\t\t\t\t\t\t\t\t\t\t<div class=\"spectra-image-gallery__media-thumbnail-caption-wrapper spectra-image-gallery__media-thumbnail-caption-wrapper--overlay\"><\/div>\n\t\t\t\t\t\t\t\t<\/div>\n\t\t\t\t\t\t<\/div>\n\t\t\t\t\t\t\t\t\t\t<\/div>\n\t\t\t\t\t\t\t\t\t\t\t\t\t\t\t\t\t\t<\/div>\n\t\t\t\t\t\t\t\t\t\t\t<div class='spectra-image-gallery__control-lightbox' tabindex='0'>\n\t\t\t\t\t\t\t\t\t\t\t<div class=\"swiper spectra-image-gallery__control-lightbox--main\" dir=\"\">\n\t\t\t\t\t<div class=\"swiper-wrapper\">\n\t\t\t\t\t\t\t\t\t\t\t\t\t\n\t\t\t\t\t\t\t<div class=\"swiper-slide\">\n\t\t\t\t\t\t\t\t<img class=\"swiper-lazy\" data-src=\"https:\/\/jelenapopovic-architect.com\/wp-content\/uploads\/2025\/05\/23.png\" alt=\"Dizajn enterijera - Slasti\u010darna\"\/>\n\t\t\t\t\t\t\t\t<div class=\"swiper-lazy-preloader swiper-lazy-preloader-white\"><\/div>\n\t\t\t\t\t\t\t\t\t\t\t\t\t\t\t<\/div>\n\t\t\t\t\t\t\t\t\t\t\t\t\t\n\t\t\t\t\t\t\t<div class=\"swiper-slide\">\n\t\t\t\t\t\t\t\t<img class=\"swiper-lazy\" data-src=\"https:\/\/jelenapopovic-architect.com\/wp-content\/uploads\/2025\/05\/24.png\" alt=\"Dizajn enterijera - Slasti\u010darna\"\/>\n\t\t\t\t\t\t\t\t<div class=\"swiper-lazy-preloader swiper-lazy-preloader-white\"><\/div>\n\t\t\t\t\t\t\t\t\t\t\t\t\t\t\t<\/div>\n\t\t\t\t\t\t\t\t\t\t\t\t\t\n\t\t\t\t\t\t\t<div class=\"swiper-slide\">\n\t\t\t\t\t\t\t\t<img class=\"swiper-lazy\" data-src=\"https:\/\/jelenapopovic-architect.com\/wp-content\/uploads\/2025\/05\/25.png\" alt=\"Dizajn enterijera - Slasti\u010darna\"\/>\n\t\t\t\t\t\t\t\t<div class=\"swiper-lazy-preloader swiper-lazy-preloader-white\"><\/div>\n\t\t\t\t\t\t\t\t\t\t\t\t\t\t\t<\/div>\n\t\t\t\t\t\t\t\t\t\t\t\t\t\n\t\t\t\t\t\t\t<div class=\"swiper-slide\">\n\t\t\t\t\t\t\t\t<img class=\"swiper-lazy\" data-src=\"https:\/\/jelenapopovic-architect.com\/wp-content\/uploads\/2025\/05\/26.png\" alt=\"Dizajn enterijera - Slasti\u010darna\"\/>\n\t\t\t\t\t\t\t\t<div class=\"swiper-lazy-preloader swiper-lazy-preloader-white\"><\/div>\n\t\t\t\t\t\t\t\t\t\t\t\t\t\t\t<\/div>\n\t\t\t\t\t\t\t\t\t\t\t<\/div>\n\t\t\t\t\t<div class=\"swiper-button-next\"><\/div>\n\t\t\t\t\t<div class=\"swiper-button-prev\"><\/div>\n\t\t\t\t<\/div>\t\t\t\n\t\t\t\t\t\t\t\t\t\t\t\t\t\t\t\t\t\t\t\t\t\t\t\t\t\t\t\t\t\t\t\t<button class='spectra-image-gallery__control-lightbox--close' aria-label=\"Close\">\n\t\t\t\t\t\t\t\t\t\t\t\t\t<svg xmlns=\"https:\/\/www.w3.org\/2000\/svg\" viewbox= \"0 0 320 512\"><path d=\"M310.6 361.4c12.5 12.5 12.5 32.75 0 45.25C304.4 412.9 296.2 416 288 416s-16.38-3.125-22.62-9.375L160 301.3L54.63 406.6C48.38 412.9 40.19 416 32 416S15.63 412.9 9.375 406.6c-12.5-12.5-12.5-32.75 0-45.25l105.4-105.4L9.375 150.6c-12.5-12.5-12.5-32.75 0-45.25s32.75-12.5 45.25 0L160 210.8l105.4-105.4c12.5-12.5 32.75-12.5 45.25 0s12.5 32.75 0 45.25l-105.4 105.4L310.6 361.4z\"><\/path><\/svg>\n\t\t\t\t\t\t\t\t\t\t\t\t<\/button>\n\t\t\t\t\t\t\t\t\t\t\t\t\t<\/div>\n\t\t\t\t\t\t\t\t\t<\/div>\n<\/div><\/div>\n\n\n\n<div class=\"wp-block-uagb-container uagb-block-95cd1112 alignfull uagb-is-root-container\"><div class=\"uagb-container-inner-blocks-wrap\">\n<div class=\"wp-block-uagb-container uagb-block-e25c4294 alignfull uagb-is-root-container\"><div class=\"uagb-container-inner-blocks-wrap\">\n<div class=\"wp-block-uagb-container uagb-layout-flex uagb-block-2599b9b6\">\n<div class=\"wp-block-uagb-advanced-heading uagb-block-c87197af\"><p class=\"uagb-heading-text\">Phone number<\/p><\/div>\n\n\n\n<div class=\"wp-block-uagb-advanced-heading uagb-block-d9c5cbef\"><p class=\"uagb-heading-text\">+387 66 002 117<\/p><\/div>\n<\/div>\n\n\n\n<div class=\"wp-block-uagb-container uagb-layout-flex uagb-block-a3e690b0\">\n<div class=\"wp-block-uagb-advanced-heading uagb-block-4b5642de\"><p class=\"uagb-heading-text\">Email<\/p><\/div>\n\n\n\n<div class=\"wp-block-uagb-advanced-heading uagb-block-3ee1d8d8\"><p class=\"uagb-heading-text\">jelena.popovic.architect@gmail.com<\/p><\/div>\n<\/div>\n\n\n\n<div class=\"wp-block-uagb-container uagb-layout-flex uagb-block-49cd7db0\">\n<div class=\"wp-block-uagb-buttons uagb-buttons__outer-wrap uagb-btn__default-btn uagb-btn-tablet__default-btn uagb-btn-mobile__default-btn uagb-block-1da8b042\"><div class=\"uagb-buttons__wrap uagb-buttons-layout-wrap\">\n<div class=\"wp-block-uagb-buttons-child uagb-buttons__outer-wrap uagb-block-45cc21a2 wp-block-button\"><div class=\"uagb-button__wrapper\"><a class=\"uagb-buttons-repeater wp-block-button__link\" aria-label=\"\" href=\"https:\/\/jelenapopovic-architect.com\/en\/kontakt\/\" rel=\"follow noopener\" target=\"_self\" role=\"button\"><div class=\"uagb-button__link\">CONTACT ME<\/div><\/a><\/div><\/div>\n<\/div><\/div>\n<\/div>\n<\/div><\/div>\n<\/div><\/div>","protected":false},"excerpt":{"rendered":"<p>POSLOVNI PROSTOR SLASTI\u010cARNA SPOJ UKUSA I DIZAJNA Slasti\u010darna u kojoj pastelne nijanse, zaobljene forme i elegantni detalji stvaraju atmosferu nje\u017enosti i topline. Prostor koji budi osjetila i poziva na u\u017eivanje u svakom zalogaju. Pa\u017eljivo osmi\u0161ljeni enterijer nagla\u0161ava osje\u0107aj lako\u0107e, prozra\u010dnosti i vedrine, \u010dine\u0107i svaku posjetu malim bijegom iz svakodnevice. Dizajn koji prati ritam slatkih trenutaka.&hellip;&nbsp;<a href=\"https:\/\/jelenapopovic-architect.com\/en\/projekti\/enterijer\/slasticarna\/\" rel=\"bookmark\">Read More &raquo;<span class=\"screen-reader-text\">Pastry shop<\/span><\/a><\/p>","protected":false},"author":1,"featured_media":874,"parent":796,"menu_order":103,"comment_status":"closed","ping_status":"closed","template":"page-templates\/template-pagebuilder-full-width.php","meta":{"om_disable_all_campaigns":false,"_uag_custom_page_level_css":"","_monsterinsights_skip_tracking":false,"_monsterinsights_sitenote_active":false,"_monsterinsights_sitenote_note":"","_monsterinsights_sitenote_category":0,"_uf_show_specific_survey":0,"_uf_disable_surveys":false,"neve_meta_sidebar":"","neve_meta_container":"","neve_meta_enable_content_width":"","neve_meta_content_width":0,"neve_meta_title_alignment":"","neve_meta_author_avatar":"","neve_post_elements_order":"","neve_meta_disable_header":"","neve_meta_disable_footer":"","neve_meta_disable_title":"","neve_meta_reading_time":"","footnotes":""},"class_list":["post-1005","page","type-page","status-publish","has-post-thumbnail","hentry"],"aioseo_notices":[],"uagb_featured_image_src":{"full":["https:\/\/jelenapopovic-architect.com\/wp-content\/uploads\/2025\/05\/25.png",1920,1080,false],"thumbnail":["https:\/\/jelenapopovic-architect.com\/wp-content\/uploads\/2025\/05\/25-150x150.png",150,150,true],"medium":["https:\/\/jelenapopovic-architect.com\/wp-content\/uploads\/2025\/05\/25-300x169.png",300,169,true],"medium_large":["https:\/\/jelenapopovic-architect.com\/wp-content\/uploads\/2025\/05\/25-768x432.png",768,432,true],"large":["https:\/\/jelenapopovic-architect.com\/wp-content\/uploads\/2025\/05\/25-1024x576.png",1024,576,true],"1536x1536":["https:\/\/jelenapopovic-architect.com\/wp-content\/uploads\/2025\/05\/25-1536x864.png",1536,864,true],"2048x2048":["https:\/\/jelenapopovic-architect.com\/wp-content\/uploads\/2025\/05\/25.png",1920,1080,false],"trp-custom-language-flag":["https:\/\/jelenapopovic-architect.com\/wp-content\/uploads\/2025\/05\/25.png",18,10,false],"neve-blog":["https:\/\/jelenapopovic-architect.com\/wp-content\/uploads\/2025\/05\/25-930x620.png",930,620,true]},"uagb_author_info":{"display_name":"marko","author_link":"https:\/\/jelenapopovic-architect.com\/en\/author\/marko\/"},"uagb_comment_info":0,"uagb_excerpt":"POSLOVNI PROSTOR SLASTI\u010cARNA SPOJ UKUSA I DIZAJNA Slasti\u010darna u kojoj pastelne nijanse, zaobljene forme i elegantni detalji stvaraju atmosferu nje\u017enosti i topline. Prostor koji budi osjetila i poziva na u\u017eivanje u svakom zalogaju. Pa\u017eljivo osmi\u0161ljeni enterijer nagla\u0161ava osje\u0107aj lako\u0107e, prozra\u010dnosti i vedrine, \u010dine\u0107i svaku posjetu malim bijegom iz svakodnevice. Dizajn koji prati ritam slatkih trenutaka.&hellip;&nbsp;Read&hellip;","_links":{"self":[{"href":"https:\/\/jelenapopovic-architect.com\/en\/wp-json\/wp\/v2\/pages\/1005","targetHints":{"allow":["GET"]}}],"collection":[{"href":"https:\/\/jelenapopovic-architect.com\/en\/wp-json\/wp\/v2\/pages"}],"about":[{"href":"https:\/\/jelenapopovic-architect.com\/en\/wp-json\/wp\/v2\/types\/page"}],"author":[{"embeddable":true,"href":"https:\/\/jelenapopovic-architect.com\/en\/wp-json\/wp\/v2\/users\/1"}],"replies":[{"embeddable":true,"href":"https:\/\/jelenapopovic-architect.com\/en\/wp-json\/wp\/v2\/comments?post=1005"}],"version-history":[{"count":2,"href":"https:\/\/jelenapopovic-architect.com\/en\/wp-json\/wp\/v2\/pages\/1005\/revisions"}],"predecessor-version":[{"id":1144,"href":"https:\/\/jelenapopovic-architect.com\/en\/wp-json\/wp\/v2\/pages\/1005\/revisions\/1144"}],"up":[{"embeddable":true,"href":"https:\/\/jelenapopovic-architect.com\/en\/wp-json\/wp\/v2\/pages\/796"}],"wp:featuredmedia":[{"embeddable":true,"href":"https:\/\/jelenapopovic-architect.com\/en\/wp-json\/wp\/v2\/media\/874"}],"wp:attachment":[{"href":"https:\/\/jelenapopovic-architect.com\/en\/wp-json\/wp\/v2\/media?parent=1005"}],"curies":[{"name":"wp","href":"https:\/\/api.w.org\/{rel}","templated":true}]}}