{"id":1165,"date":"2025-05-18T20:14:00","date_gmt":"2025-05-18T20:14:00","guid":{"rendered":"https:\/\/jelenapopovic-architect.com\/?page_id=1165"},"modified":"2025-05-22T15:32:12","modified_gmt":"2025-05-22T15:32:12","slug":"izvedeni-projekti","status":"publish","type":"page","link":"https:\/\/jelenapopovic-architect.com\/en\/projekti\/izvedeni-projekti\/","title":{"rendered":"Completed projects"},"content":{"rendered":"<div class=\"wp-block-uagb-container uag-hide-mob uagb-block-b5972172 alignfull uagb-is-root-container\"><div class=\"uagb-container-inner-blocks-wrap\">\n<div class=\"wp-block-uagb-container uagb-block-b505e2f6\">\n<div data-aos= \"fade-down\" data-aos-duration=\"400\" data-aos-delay=\"0\" data-aos-easing=\"ease\" data-aos-once=\"true\" class=\"wp-block-uagb-advanced-heading uagb-block-c8f493c8\"><h1 class=\"uagb-heading-text\">COMPLETED PROJECTS<\/h1><\/div>\n\n\n\n<div style=\"height:12px\" aria-hidden=\"true\" class=\"wp-block-spacer\"><\/div>\n\n\n\n<div data-aos= \"fade-down\" data-aos-duration=\"400\" data-aos-delay=\"0\" data-aos-easing=\"ease\" data-aos-once=\"true\" class=\"wp-block-uagb-advanced-heading uagb-block-34910ae0\"><p class=\"uagb-heading-text\">Check out my projects that have already come to life!<\/p><\/div>\n<\/div>\n<\/div><\/div>\n\n\n\n<div class=\"wp-block-uagb-container uag-hide-desktop uag-hide-tab uagb-block-f9ac9b83 alignfull uagb-is-root-container\"><div class=\"uagb-container-inner-blocks-wrap\">\n<div class=\"wp-block-uagb-container uagb-block-80f27986\">\n<div data-aos= \"fade-down\" data-aos-duration=\"400\" data-aos-delay=\"0\" data-aos-easing=\"ease\" data-aos-once=\"true\" class=\"wp-block-uagb-advanced-heading uagb-block-e560099d\"><h1 class=\"uagb-heading-text\">COMPLETED PROJECTS<\/h1><\/div>\n\n\n\n<div style=\"height:12px\" aria-hidden=\"true\" class=\"wp-block-spacer\"><\/div>\n\n\n\n<div data-aos= \"fade-down\" data-aos-duration=\"400\" data-aos-delay=\"0\" data-aos-easing=\"ease\" data-aos-once=\"true\" class=\"wp-block-uagb-advanced-heading uagb-block-8ac760a8\"><p class=\"uagb-heading-text\">Check out my projects that have already come to life!<\/p><\/div>\n<\/div>\n<\/div><\/div>\n\n\n\n<div class=\"wp-block-uagb-container uagb-block-6c6bbe58 alignfull uagb-is-root-container\"><div class=\"uagb-container-inner-blocks-wrap\">\n<div data-aos= \"fade-down\" data-aos-duration=\"400\" data-aos-delay=\"0\" data-aos-easing=\"ease\" data-aos-once=\"true\" class=\"wp-block-uagb-advanced-heading uagb-block-d19e88d3\"><h2 class=\"uagb-heading-text\">INTERIOR<\/h2><\/div>\n\n\n\n<div style=\"height:40px\" aria-hidden=\"true\" class=\"wp-block-spacer\"><\/div>\n\n\n\n<div class=\"wp-block-uagb-container uagb-layout-grid uagb-block-c5425b9d alignfull uagb-is-root-container\"><div class=\"uagb-container-inner-blocks-wrap\">\n<div class=\"wp-block-uagb-container uagb-block-c95d91fd\">\n<div class=\"wp-block-uagb-image uagb-block-79301f09 wp-block-uagb-image--layout-default wp-block-uagb-image--effect-static wp-block-uagb-image--align-none\"><figure class=\"wp-block-uagb-image__figure\"><a class=\"\" href=\"https:\/\/jelenapopovic-architect.com\/en\/projekti\/enterijer\/stan-plavi-safir\/\" target=\"\" rel=\"noopener\"><img decoding=\"async\" srcset=\"https:\/\/jelenapopovic-architect.com\/wp-content\/uploads\/2025\/05\/interior-1-hero-1024x576.png ,https:\/\/jelenapopovic-architect.com\/wp-content\/uploads\/2025\/05\/interior-1-hero.png 780w, https:\/\/jelenapopovic-architect.com\/wp-content\/uploads\/2025\/05\/interior-1-hero.png 360w\" sizes=\"auto, (max-width: 480px) 150px\" src=\"https:\/\/jelenapopovic-architect.com\/wp-content\/uploads\/2025\/05\/interior-1-hero-1024x576.png\" alt=\"Jelena Popovi\u0107 Architect - Stan maslinaste note Hero\" class=\"uag-image-255\" width=\"1024\" height=\"576\" title=\"interior-1-hero\" loading=\"lazy\" role=\"img\"\/><\/a><\/figure><\/div>\n\n\n\n<div class=\"wp-block-uagb-advanced-heading uagb-block-065434d8\"><h3 class=\"uagb-heading-text\">Apartment - Blue Sapphire<\/h3><\/div>\n\n\n\n<div class=\"wp-block-uagb-buttons uagb-buttons__outer-wrap uagb-btn__default-btn uagb-btn-tablet__default-btn uagb-btn-mobile__default-btn uagb-block-82e015a2\"><div class=\"uagb-buttons__wrap uagb-buttons-layout-wrap\">\n<div data-aos= \"fade-right\" data-aos-duration=\"400\" data-aos-delay=\"0\" data-aos-easing=\"ease\" data-aos-once=\"true\" class=\"wp-block-uagb-buttons-child uagb-buttons__outer-wrap uagb-block-4c454a60 wp-block-button\"><div class=\"uagb-button__wrapper\"><a class=\"uagb-buttons-repeater wp-block-button__link\" aria-label=\"\" href=\"https:\/\/jelenapopovic-architect.com\/en\/projekti\/enterijer\/stan-plavi-safir\/\" rel=\"follow noopener\" target=\"_self\" role=\"button\"><div class=\"uagb-button__link\">View details<\/div><span class=\"uagb-button__icon uagb-button__icon-position-after\"><svg xmlns=\"https:\/\/www.w3.org\/2000\/svg\" viewbox=\"0 0 448 512\" aria-hidden=\"true\" focussable=\"false\"><path d=\"M438.6 278.6l-160 160C272.4 444.9 264.2 448 256 448s-16.38-3.125-22.62-9.375c-12.5-12.5-12.5-32.75 0-45.25L338.8 288H32C14.33 288 .0016 273.7 .0016 256S14.33 224 32 224h306.8l-105.4-105.4c-12.5-12.5-12.5-32.75 0-45.25s32.75-12.5 45.25 0l160 160C451.1 245.9 451.1 266.1 438.6 278.6z\"><\/path><\/svg><\/span><\/a><\/div><\/div>\n<\/div><\/div>\n<\/div>\n\n\n\n<div class=\"wp-block-uagb-container uagb-block-2e3f38cc\">\n<div class=\"wp-block-uagb-image uagb-block-2046ff08 wp-block-uagb-image--layout-default wp-block-uagb-image--effect-static wp-block-uagb-image--align-none\"><figure class=\"wp-block-uagb-image__figure\"><a class=\"\" href=\"https:\/\/jelenapopovic-architect.com\/en\/projekti\/enterijer\/stan-kasmir-harmonija\/\" target=\"\" rel=\"noopener\"><img decoding=\"async\" srcset=\"https:\/\/jelenapopovic-architect.com\/wp-content\/uploads\/2025\/05\/16-1024x576.png ,https:\/\/jelenapopovic-architect.com\/wp-content\/uploads\/2025\/05\/16.png 780w, https:\/\/jelenapopovic-architect.com\/wp-content\/uploads\/2025\/05\/16.png 360w\" sizes=\"auto, (max-width: 480px) 150px\" src=\"https:\/\/jelenapopovic-architect.com\/wp-content\/uploads\/2025\/05\/16-1024x576.png\" alt=\"Dizajn enterijera - Stan Prirodne Note\" class=\"uag-image-857\" width=\"1024\" height=\"576\" title=\"Dizajn enterijera - Stan Prirodne Note\" loading=\"lazy\" role=\"img\"\/><\/a><\/figure><\/div>\n\n\n\n<div class=\"wp-block-uagb-advanced-heading uagb-block-5f51faff\"><h3 class=\"uagb-heading-text\">Apartment \u2013 Kashmir Harmony<\/h3><\/div>\n\n\n\n<div class=\"wp-block-uagb-buttons uagb-buttons__outer-wrap uagb-btn__default-btn uagb-btn-tablet__default-btn uagb-btn-mobile__default-btn uagb-block-9aac4409\"><div class=\"uagb-buttons__wrap uagb-buttons-layout-wrap\">\n<div data-aos= \"fade-right\" data-aos-duration=\"400\" data-aos-delay=\"0\" data-aos-easing=\"ease\" data-aos-once=\"true\" class=\"wp-block-uagb-buttons-child uagb-buttons__outer-wrap uagb-block-94990ee8 wp-block-button\"><div class=\"uagb-button__wrapper\"><a class=\"uagb-buttons-repeater wp-block-button__link\" aria-label=\"\" href=\"https:\/\/jelenapopovic-architect.com\/en\/projekti\/enterijer\/stan-kasmir-harmonija\/\" rel=\"follow noopener\" target=\"_self\" role=\"button\"><div class=\"uagb-button__link\">View details<\/div><span class=\"uagb-button__icon uagb-button__icon-position-after\"><svg xmlns=\"https:\/\/www.w3.org\/2000\/svg\" viewbox=\"0 0 448 512\" aria-hidden=\"true\" focussable=\"false\"><path d=\"M438.6 278.6l-160 160C272.4 444.9 264.2 448 256 448s-16.38-3.125-22.62-9.375c-12.5-12.5-12.5-32.75 0-45.25L338.8 288H32C14.33 288 .0016 273.7 .0016 256S14.33 224 32 224h306.8l-105.4-105.4c-12.5-12.5-12.5-32.75 0-45.25s32.75-12.5 45.25 0l160 160C451.1 245.9 451.1 266.1 438.6 278.6z\"><\/path><\/svg><\/span><\/a><\/div><\/div>\n<\/div><\/div>\n<\/div>\n\n\n\n<div class=\"wp-block-uagb-container uagb-block-885dba27\">\n<div class=\"wp-block-uagb-image uagb-block-b1e64a33 wp-block-uagb-image--layout-default wp-block-uagb-image--effect-static wp-block-uagb-image--align-none\"><figure class=\"wp-block-uagb-image__figure\"><a class=\"\" href=\"https:\/\/jelenapopovic-architect.com\/en\/projekti\/enterijer\/stan-bg-libere\/\" target=\"\" rel=\"noopener\"><img decoding=\"async\" srcset=\"https:\/\/jelenapopovic-architect.com\/wp-content\/uploads\/2025\/05\/DSC_7575-scaled-e1747600545486-1024x577.jpg ,https:\/\/jelenapopovic-architect.com\/wp-content\/uploads\/2025\/05\/DSC_7575-scaled-e1747600545486.jpg 780w, https:\/\/jelenapopovic-architect.com\/wp-content\/uploads\/2025\/05\/DSC_7575-scaled-e1747600545486.jpg 360w\" sizes=\"auto, (max-width: 480px) 150px\" src=\"https:\/\/jelenapopovic-architect.com\/wp-content\/uploads\/2025\/05\/DSC_7575-scaled-e1747600545486-1024x577.jpg\" alt=\"Dizajn enterijera - Stan BG Libere\" class=\"uag-image-1187\" width=\"1024\" height=\"576\" title=\"Dizajn enterijera - Stan BG Libere\" loading=\"lazy\" role=\"img\"\/><\/a><\/figure><\/div>\n\n\n\n<div class=\"wp-block-uagb-advanced-heading uagb-block-ae713c44\"><h3 class=\"uagb-heading-text\">Apartment \u2013 BG Libere<\/h3><\/div>\n\n\n\n<div class=\"wp-block-uagb-buttons uagb-buttons__outer-wrap uagb-btn__default-btn uagb-btn-tablet__default-btn uagb-btn-mobile__default-btn uagb-block-fc984f4d\"><div class=\"uagb-buttons__wrap uagb-buttons-layout-wrap\">\n<div data-aos= \"fade-right\" data-aos-duration=\"400\" data-aos-delay=\"0\" data-aos-easing=\"ease\" data-aos-once=\"true\" class=\"wp-block-uagb-buttons-child uagb-buttons__outer-wrap uagb-block-33777873 wp-block-button\"><div class=\"uagb-button__wrapper\"><a class=\"uagb-buttons-repeater wp-block-button__link\" aria-label=\"\" href=\"https:\/\/jelenapopovic-architect.com\/en\/projekti\/enterijer\/stan-bg-libere\/\" rel=\"follow noopener\" target=\"_self\" role=\"button\"><div class=\"uagb-button__link\">View details<\/div><span class=\"uagb-button__icon uagb-button__icon-position-after\"><svg xmlns=\"https:\/\/www.w3.org\/2000\/svg\" viewbox=\"0 0 448 512\" aria-hidden=\"true\" focussable=\"false\"><path d=\"M438.6 278.6l-160 160C272.4 444.9 264.2 448 256 448s-16.38-3.125-22.62-9.375c-12.5-12.5-12.5-32.75 0-45.25L338.8 288H32C14.33 288 .0016 273.7 .0016 256S14.33 224 32 224h306.8l-105.4-105.4c-12.5-12.5-12.5-32.75 0-45.25s32.75-12.5 45.25 0l160 160C451.1 245.9 451.1 266.1 438.6 278.6z\"><\/path><\/svg><\/span><\/a><\/div><\/div>\n<\/div><\/div>\n<\/div>\n\n\n\n<div class=\"wp-block-uagb-container uagb-block-e69c3e3d\">\n<div class=\"wp-block-uagb-image uagb-block-4ff375a8 wp-block-uagb-image--layout-default wp-block-uagb-image--effect-static wp-block-uagb-image--align-none\"><figure class=\"wp-block-uagb-image__figure\"><a class=\"\" href=\"https:\/\/jelenapopovic-architect.com\/en\/projekti\/enterijer\/pekara\/\" target=\"\" rel=\"noopener\"><img decoding=\"async\" srcset=\"https:\/\/jelenapopovic-architect.com\/wp-content\/uploads\/2025\/05\/2_3-copy-1024x576.jpg ,https:\/\/jelenapopovic-architect.com\/wp-content\/uploads\/2025\/05\/2_3-copy-scaled.jpg 780w, https:\/\/jelenapopovic-architect.com\/wp-content\/uploads\/2025\/05\/2_3-copy-scaled.jpg 360w\" sizes=\"auto, (max-width: 480px) 150px\" src=\"https:\/\/jelenapopovic-architect.com\/wp-content\/uploads\/2025\/05\/2_3-copy-1024x576.jpg\" alt=\"Dizajn enterijera - Pekara\" class=\"uag-image-1221\" width=\"1024\" height=\"576\" title=\"Dizajn enterijera - Pekara\" loading=\"lazy\" role=\"img\"\/><\/a><\/figure><\/div>\n\n\n\n<div class=\"wp-block-uagb-advanced-heading uagb-block-959b80b7\"><h3 class=\"uagb-heading-text\">Bakery<\/h3><\/div>\n\n\n\n<div class=\"wp-block-uagb-buttons uagb-buttons__outer-wrap uagb-btn__default-btn uagb-btn-tablet__default-btn uagb-btn-mobile__default-btn uagb-block-8f9748a2\"><div class=\"uagb-buttons__wrap uagb-buttons-layout-wrap\">\n<div data-aos= \"fade-right\" data-aos-duration=\"400\" data-aos-delay=\"0\" data-aos-easing=\"ease\" data-aos-once=\"true\" class=\"wp-block-uagb-buttons-child uagb-buttons__outer-wrap uagb-block-2ec8d119 wp-block-button\"><div class=\"uagb-button__wrapper\"><a class=\"uagb-buttons-repeater wp-block-button__link\" aria-label=\"\" href=\"https:\/\/jelenapopovic-architect.com\/en\/projekti\/enterijer\/pekara\/\" rel=\"follow noopener\" target=\"_self\" role=\"button\"><div class=\"uagb-button__link\">View details<\/div><span class=\"uagb-button__icon uagb-button__icon-position-after\"><svg xmlns=\"https:\/\/www.w3.org\/2000\/svg\" viewbox=\"0 0 448 512\" aria-hidden=\"true\" focussable=\"false\"><path d=\"M438.6 278.6l-160 160C272.4 444.9 264.2 448 256 448s-16.38-3.125-22.62-9.375c-12.5-12.5-12.5-32.75 0-45.25L338.8 288H32C14.33 288 .0016 273.7 .0016 256S14.33 224 32 224h306.8l-105.4-105.4c-12.5-12.5-12.5-32.75 0-45.25s32.75-12.5 45.25 0l160 160C451.1 245.9 451.1 266.1 438.6 278.6z\"><\/path><\/svg><\/span><\/a><\/div><\/div>\n<\/div><\/div>\n<\/div>\n<\/div><\/div>\n\n\n\n<div style=\"height:60px\" aria-hidden=\"true\" class=\"wp-block-spacer\"><\/div>\n\n\n\n<div data-aos= \"fade-down\" data-aos-duration=\"400\" data-aos-delay=\"0\" data-aos-easing=\"ease\" data-aos-once=\"true\" class=\"wp-block-uagb-advanced-heading uagb-block-f8997e56\"><h2 class=\"uagb-heading-text\">EXTERIOR<\/h2><\/div>\n\n\n\n<div style=\"height:40px\" aria-hidden=\"true\" class=\"wp-block-spacer\"><\/div>\n\n\n\n<div class=\"wp-block-uagb-container uagb-layout-grid uagb-block-72ad391f alignfull uagb-is-root-container\"><div class=\"uagb-container-inner-blocks-wrap\">\n<div class=\"wp-block-uagb-container uagb-block-6553b4c9\">\n<div class=\"wp-block-uagb-image uagb-block-ed811f98 wp-block-uagb-image--layout-default wp-block-uagb-image--effect-static wp-block-uagb-image--align-none\"><figure class=\"wp-block-uagb-image__figure\"><a class=\"\" href=\"https:\/\/jelenapopovic-architect.com\/en\/projekti\/eksterijer\/park-ljubav-vjera-nada\/\" target=\"\" rel=\"noopener\"><img decoding=\"async\" srcset=\"https:\/\/jelenapopovic-architect.com\/wp-content\/uploads\/2025\/05\/PARK-LJUBAV-VJERA-NADA-osnova-1024x576.jpg ,https:\/\/jelenapopovic-architect.com\/wp-content\/uploads\/2025\/05\/PARK-LJUBAV-VJERA-NADA-osnova-scaled.jpg 780w, https:\/\/jelenapopovic-architect.com\/wp-content\/uploads\/2025\/05\/PARK-LJUBAV-VJERA-NADA-osnova-scaled.jpg 360w\" sizes=\"auto, (max-width: 480px) 150px\" src=\"https:\/\/jelenapopovic-architect.com\/wp-content\/uploads\/2025\/05\/PARK-LJUBAV-VJERA-NADA-osnova-1024x576.jpg\" alt=\"Projektovanje eksterijera - Park Vjera Nada Ljubav Prnjavor\" class=\"uag-image-1098\" width=\"1024\" height=\"576\" title=\"Projektovanje eksterijera - Park Vjera Nada Ljubav Prnjavor\" loading=\"lazy\" role=\"img\"\/><\/a><\/figure><\/div>\n\n\n\n<div class=\"wp-block-uagb-advanced-heading uagb-block-448be648\"><h3 class=\"uagb-heading-text\">Park Love Faith Hope<\/h3><\/div>\n\n\n\n<div class=\"wp-block-uagb-buttons uagb-buttons__outer-wrap uagb-btn__default-btn uagb-btn-tablet__default-btn uagb-btn-mobile__default-btn uagb-block-afe15b76\"><div class=\"uagb-buttons__wrap uagb-buttons-layout-wrap\">\n<div data-aos= \"fade-right\" data-aos-duration=\"400\" data-aos-delay=\"0\" data-aos-easing=\"ease\" data-aos-once=\"true\" class=\"wp-block-uagb-buttons-child uagb-buttons__outer-wrap uagb-block-e466064e wp-block-button\"><div class=\"uagb-button__wrapper\"><a class=\"uagb-buttons-repeater wp-block-button__link\" aria-label=\"\" href=\"https:\/\/jelenapopovic-architect.com\/en\/projekti\/eksterijer\/park-ljubav-vjera-nada\/\" rel=\"follow noopener\" target=\"_self\" role=\"button\"><div class=\"uagb-button__link\">View details<\/div><span class=\"uagb-button__icon uagb-button__icon-position-after\"><svg xmlns=\"https:\/\/www.w3.org\/2000\/svg\" viewbox=\"0 0 448 512\" aria-hidden=\"true\" focussable=\"false\"><path d=\"M438.6 278.6l-160 160C272.4 444.9 264.2 448 256 448s-16.38-3.125-22.62-9.375c-12.5-12.5-12.5-32.75 0-45.25L338.8 288H32C14.33 288 .0016 273.7 .0016 256S14.33 224 32 224h306.8l-105.4-105.4c-12.5-12.5-12.5-32.75 0-45.25s32.75-12.5 45.25 0l160 160C451.1 245.9 451.1 266.1 438.6 278.6z\"><\/path><\/svg><\/span><\/a><\/div><\/div>\n<\/div><\/div>\n<\/div>\n<\/div><\/div>\n<\/div><\/div>\n\n\n\n<div class=\"wp-block-uagb-container uagb-block-95cd1112 alignfull uagb-is-root-container\"><div class=\"uagb-container-inner-blocks-wrap\">\n<div class=\"wp-block-uagb-container uagb-block-e25c4294 alignfull uagb-is-root-container\"><div class=\"uagb-container-inner-blocks-wrap\">\n<div class=\"wp-block-uagb-container uagb-layout-flex uagb-block-2599b9b6\">\n<div class=\"wp-block-uagb-advanced-heading uagb-block-c87197af\"><p class=\"uagb-heading-text\">Phone number<\/p><\/div>\n\n\n\n<div class=\"wp-block-uagb-advanced-heading uagb-block-d9c5cbef\"><p class=\"uagb-heading-text\">+387 66 002 117<\/p><\/div>\n<\/div>\n\n\n\n<div class=\"wp-block-uagb-container uagb-layout-flex uagb-block-a3e690b0\">\n<div class=\"wp-block-uagb-advanced-heading uagb-block-4b5642de\"><p class=\"uagb-heading-text\">Email<\/p><\/div>\n\n\n\n<div class=\"wp-block-uagb-advanced-heading uagb-block-3ee1d8d8\"><p class=\"uagb-heading-text\">jelena.popovic.architect@gmail.com<\/p><\/div>\n<\/div>\n\n\n\n<div class=\"wp-block-uagb-container uagb-layout-flex uagb-block-49cd7db0\">\n<div class=\"wp-block-uagb-buttons uagb-buttons__outer-wrap uagb-btn__default-btn uagb-btn-tablet__default-btn uagb-btn-mobile__default-btn uagb-block-1da8b042\"><div class=\"uagb-buttons__wrap uagb-buttons-layout-wrap\">\n<div class=\"wp-block-uagb-buttons-child uagb-buttons__outer-wrap uagb-block-45cc21a2 wp-block-button\"><div class=\"uagb-button__wrapper\"><a class=\"uagb-buttons-repeater wp-block-button__link\" aria-label=\"\" href=\"https:\/\/jelenapopovic-architect.com\/en\/kontakt\/\" rel=\"follow noopener\" target=\"_self\" role=\"button\"><div class=\"uagb-button__link\">CONTACT ME<\/div><\/a><\/div><\/div>\n<\/div><\/div>\n<\/div>\n<\/div><\/div>\n<\/div><\/div>","protected":false},"excerpt":{"rendered":"<p>IZVEDENI PROJEKTI Pogledajte moje projekte koji su ve\u0107 ugledali svjetlost dana! IZVEDENI PROJEKTI Pogledajte moje projekte koji su ve\u0107 ugledali svjetlost dana! ENTERIJER Stan &#8211; Plavi Safir Stan &#8211; Ka\u0161mir Harmonija Stan &#8211; BG Libere Pekara EKSTERIJER Park Ljubav Vjera Nada Broj telefona +387 66 002 117 Email jelena.popovic.architect@gmail.com<\/p>","protected":false},"author":1,"featured_media":0,"parent":424,"menu_order":3,"comment_status":"closed","ping_status":"closed","template":"page-templates\/template-pagebuilder-full-width.php","meta":{"om_disable_all_campaigns":false,"_uag_custom_page_level_css":"","_monsterinsights_skip_tracking":false,"_monsterinsights_sitenote_active":false,"_monsterinsights_sitenote_note":"","_monsterinsights_sitenote_category":0,"_uf_show_specific_survey":0,"_uf_disable_surveys":false,"neve_meta_sidebar":"","neve_meta_container":"","neve_meta_enable_content_width":"","neve_meta_content_width":0,"neve_meta_title_alignment":"","neve_meta_author_avatar":"","neve_post_elements_order":"","neve_meta_disable_header":"","neve_meta_disable_footer":"","neve_meta_disable_title":"","neve_meta_reading_time":"","footnotes":""},"class_list":["post-1165","page","type-page","status-publish","hentry"],"aioseo_notices":[],"uagb_featured_image_src":{"full":false,"thumbnail":false,"medium":false,"medium_large":false,"large":false,"1536x1536":false,"2048x2048":false,"trp-custom-language-flag":false,"neve-blog":false},"uagb_author_info":{"display_name":"marko","author_link":"https:\/\/jelenapopovic-architect.com\/en\/author\/marko\/"},"uagb_comment_info":0,"uagb_excerpt":"IZVEDENI PROJEKTI Pogledajte moje projekte koji su ve\u0107 ugledali svjetlost dana! IZVEDENI PROJEKTI Pogledajte moje projekte koji su ve\u0107 ugledali svjetlost dana! ENTERIJER Stan &#8211; Plavi Safir Stan &#8211; Ka\u0161mir Harmonija Stan &#8211; BG Libere Pekara EKSTERIJER Park Ljubav Vjera Nada Broj telefona +387 66 002 117 Email jelena.popovic.architect@gmail.com","_links":{"self":[{"href":"https:\/\/jelenapopovic-architect.com\/en\/wp-json\/wp\/v2\/pages\/1165","targetHints":{"allow":["GET"]}}],"collection":[{"href":"https:\/\/jelenapopovic-architect.com\/en\/wp-json\/wp\/v2\/pages"}],"about":[{"href":"https:\/\/jelenapopovic-architect.com\/en\/wp-json\/wp\/v2\/types\/page"}],"author":[{"embeddable":true,"href":"https:\/\/jelenapopovic-architect.com\/en\/wp-json\/wp\/v2\/users\/1"}],"replies":[{"embeddable":true,"href":"https:\/\/jelenapopovic-architect.com\/en\/wp-json\/wp\/v2\/comments?post=1165"}],"version-history":[{"count":8,"href":"https:\/\/jelenapopovic-architect.com\/en\/wp-json\/wp\/v2\/pages\/1165\/revisions"}],"predecessor-version":[{"id":1253,"href":"https:\/\/jelenapopovic-architect.com\/en\/wp-json\/wp\/v2\/pages\/1165\/revisions\/1253"}],"up":[{"embeddable":true,"href":"https:\/\/jelenapopovic-architect.com\/en\/wp-json\/wp\/v2\/pages\/424"}],"wp:attachment":[{"href":"https:\/\/jelenapopovic-architect.com\/en\/wp-json\/wp\/v2\/media?parent=1165"}],"curies":[{"name":"wp","href":"https:\/\/api.w.org\/{rel}","templated":true}]}}