{"id":785,"date":"2025-05-14T19:02:08","date_gmt":"2025-05-14T19:02:08","guid":{"rendered":"https:\/\/jelenapopovic-architect.com\/?page_id=785"},"modified":"2025-05-24T09:47:36","modified_gmt":"2025-05-24T09:47:36","slug":"saradnici","status":"publish","type":"page","link":"https:\/\/jelenapopovic-architect.com\/en\/o-meni\/saradnici\/","title":{"rendered":"Collaborators"},"content":{"rendered":"<div class=\"wp-block-uagb-container uag-hide-mob uagb-block-b5972172 alignfull uagb-is-root-container\"><div class=\"uagb-container-inner-blocks-wrap\">\n<div class=\"wp-block-uagb-container uagb-block-b505e2f6\">\n<div data-aos= \"fade-down\" data-aos-duration=\"400\" data-aos-delay=\"0\" data-aos-easing=\"ease\" data-aos-once=\"true\" class=\"wp-block-uagb-advanced-heading uagb-block-c8f493c8\"><h1 class=\"uagb-heading-text\">COLLABORATORS<\/h1><\/div>\n\n\n\n<div style=\"height:12px\" aria-hidden=\"true\" class=\"wp-block-spacer\"><\/div>\n\n\n\n<div data-aos= \"fade-down\" data-aos-duration=\"400\" data-aos-delay=\"0\" data-aos-easing=\"ease\" data-aos-once=\"true\" class=\"wp-block-uagb-advanced-heading uagb-block-34910ae0\"><p class=\"uagb-heading-text\">My collaborators are here to make every one of your dreams come true!<\/p><\/div>\n<\/div>\n<\/div><\/div>\n\n\n\n<div class=\"wp-block-uagb-container uag-hide-desktop uag-hide-tab uagb-block-f9ac9b83 alignfull uagb-is-root-container\"><div class=\"uagb-container-inner-blocks-wrap\">\n<div class=\"wp-block-uagb-container uagb-block-80f27986\">\n<div data-aos= \"fade-down\" data-aos-duration=\"400\" data-aos-delay=\"0\" data-aos-easing=\"ease\" data-aos-once=\"true\" class=\"wp-block-uagb-advanced-heading uagb-block-e560099d\"><h1 class=\"uagb-heading-text\">COLLABORATORS<\/h1><\/div>\n\n\n\n<div style=\"height:12px\" aria-hidden=\"true\" class=\"wp-block-spacer\"><\/div>\n\n\n\n<div data-aos= \"fade-down\" data-aos-duration=\"400\" data-aos-delay=\"0\" data-aos-easing=\"ease\" data-aos-once=\"true\" class=\"wp-block-uagb-advanced-heading uagb-block-8ac760a8\"><p class=\"uagb-heading-text\">My collaborators are here to make every one of your dreams come true!<\/p><\/div>\n<\/div>\n<\/div><\/div>\n\n\n\n<div class=\"wp-block-uagb-container uagb-block-a583de77 alignfull uagb-is-root-container\"><div class=\"uagb-container-inner-blocks-wrap\">\n<div class=\"wp-block-uagb-advanced-heading uagb-block-9aaf488b\"><h5 class=\"uagb-heading-text\">FROM IDEA TO REALIZATION<\/h5><\/div>\n\n\n\n<div data-aos= \"fade-down\" data-aos-duration=\"400\" data-aos-delay=\"0\" data-aos-easing=\"ease\" data-aos-once=\"true\" class=\"wp-block-uagb-advanced-heading uagb-block-80d80739\"><h2 class=\"uagb-heading-text\">collaborators<\/h2><\/div>\n\n\n\n<div style=\"height:40px\" aria-hidden=\"true\" class=\"wp-block-spacer\"><\/div>\n\n\n\n<div class=\"wp-block-uagb-container uagb-layout-grid uagb-block-5f3b0683 alignfull uagb-is-root-container\"><div class=\"uagb-container-inner-blocks-wrap\">\n<div class=\"wp-block-uagb-container custom-colab-block uagb-block-612745fd\">\n<div class=\"wp-block-uagb-container uagb-block-b9fbf23f\">\n<div class=\"wp-block-uagb-advanced-heading uagb-block-bcf74171\"><h3 class=\"uagb-heading-text\">COMO<\/h3><\/div>\n\n\n\n<div class=\"wp-block-uagb-advanced-heading uagb-block-04f0e237\"><p class=\"uagb-heading-text\">Furniture<\/p><\/div>\n<\/div>\n<a class=\"spectra-container-link-overlay\" rel=\"noopener\" target=\"_blank\" href=\"#\"> <\/a><\/div>\n\n\n\n<div class=\"wp-block-uagb-container custom-colab-block uagb-block-a4b954fd\">\n<div class=\"wp-block-uagb-container uagb-block-36f55570\">\n<div class=\"wp-block-uagb-advanced-heading uagb-block-15bdc661\"><h3 class=\"uagb-heading-text\">DEKOR CENTAR<\/h3><\/div>\n\n\n\n<div class=\"wp-block-uagb-advanced-heading uagb-block-213d6194\"><p class=\"uagb-heading-text\">Furniture and decor<\/p><\/div>\n<\/div>\n<a class=\"spectra-container-link-overlay\" rel=\"noopener\" target=\"_blank\" href=\"#\"> <\/a><\/div>\n\n\n\n<div class=\"wp-block-uagb-container custom-colab-block uagb-block-3b94f399\">\n<div class=\"wp-block-uagb-container uagb-block-359d49bc\">\n<div class=\"wp-block-uagb-advanced-heading uagb-block-17365f88\"><h3 class=\"uagb-heading-text\">Richmond interiors<\/h3><\/div>\n\n\n\n<div class=\"wp-block-uagb-advanced-heading uagb-block-f8201276\"><p class=\"uagb-heading-text\">Furniture<\/p><\/div>\n<\/div>\n<a class=\"spectra-container-link-overlay\" rel=\"noopener\" target=\"_blank\" href=\"#\"> <\/a><\/div>\n\n\n\n<div class=\"wp-block-uagb-container custom-colab-block uagb-block-b00d5bca\">\n<div class=\"wp-block-uagb-container uagb-block-0c4e7c33\">\n<div class=\"wp-block-uagb-advanced-heading uagb-block-43391714\"><h3 class=\"uagb-heading-text\">LOFT DESIGN HOUSE<\/h3><\/div>\n\n\n\n<div class=\"wp-block-uagb-advanced-heading uagb-block-453eebd9\"><p class=\"uagb-heading-text\">Furniture and decor<\/p><\/div>\n<\/div>\n<a class=\"spectra-container-link-overlay\" rel=\"noopener\" target=\"_blank\" href=\"#\"> <\/a><\/div>\n\n\n\n<div class=\"wp-block-uagb-container custom-colab-block uagb-block-6bfa055f\">\n<div class=\"wp-block-uagb-container uagb-block-37957fcc\">\n<div class=\"wp-block-uagb-advanced-heading uagb-block-4c62143e\"><h3 class=\"uagb-heading-text\">Sitform<\/h3><\/div>\n\n\n\n<div class=\"wp-block-uagb-advanced-heading uagb-block-2dfcd5e8\"><p class=\"uagb-heading-text\">Furniture<\/p><\/div>\n<\/div>\n<a class=\"spectra-container-link-overlay\" rel=\"noopener\" target=\"_blank\" href=\"#\"> <\/a><\/div>\n\n\n\n<div class=\"wp-block-uagb-container custom-colab-block uagb-block-9e9122e6\">\n<div class=\"wp-block-uagb-container uagb-block-1b354956\">\n<div class=\"wp-block-uagb-advanced-heading uagb-block-2076c9f9\"><h3 class=\"uagb-heading-text\">Kare<\/h3><\/div>\n\n\n\n<div class=\"wp-block-uagb-advanced-heading uagb-block-318924d9\"><p class=\"uagb-heading-text\">Furniture and decor<\/p><\/div>\n<\/div>\n<a class=\"spectra-container-link-overlay\" rel=\"noopener\" target=\"_blank\" href=\"#\"> <\/a><\/div>\n\n\n\n<div class=\"wp-block-uagb-container custom-colab-block uagb-block-350459c7\">\n<div class=\"wp-block-uagb-container uagb-block-f68fbcfd\">\n<div class=\"wp-block-uagb-advanced-heading uagb-block-12a5b1e9\"><h3 class=\"uagb-heading-text\">Casa Bianca<\/h3><\/div>\n\n\n\n<div class=\"wp-block-uagb-advanced-heading uagb-block-bfedf06e\"><p class=\"uagb-heading-text\">Furniture and decor<\/p><\/div>\n<\/div>\n<a class=\"spectra-container-link-overlay\" rel=\"noopener\" target=\"_blank\" href=\"#\"> <\/a><\/div>\n\n\n\n<div class=\"wp-block-uagb-container custom-colab-block uagb-block-ca1d43ed\">\n<div class=\"wp-block-uagb-container uagb-block-58242ec0\">\n<div class=\"wp-block-uagb-advanced-heading uagb-block-14dc7f6d\"><h3 class=\"uagb-heading-text\">Fotelja Furniture<\/h3><\/div>\n\n\n\n<div class=\"wp-block-uagb-advanced-heading uagb-block-f5b4be92\"><p class=\"uagb-heading-text\">Designer furniture<\/p><\/div>\n<\/div>\n<a class=\"spectra-container-link-overlay\" rel=\"noopener\" target=\"_blank\" href=\"#\"> <\/a><\/div>\n\n\n\n<div class=\"wp-block-uagb-container custom-colab-block uagb-block-ed1b1a2e\">\n<div class=\"wp-block-uagb-container uagb-block-2f678a7c\">\n<div class=\"wp-block-uagb-advanced-heading uagb-block-efe7b13d\"><h3 class=\"uagb-heading-text\">RIZBA<\/h3><\/div>\n\n\n\n<div class=\"wp-block-uagb-advanced-heading uagb-block-07d88e2f\"><p class=\"uagb-heading-text\">Custom-made furniture<\/p><\/div>\n<\/div>\n<a class=\"spectra-container-link-overlay\" rel=\"noopener\" target=\"_blank\" href=\"#\"> <\/a><\/div>\n\n\n\n<div class=\"wp-block-uagb-container custom-colab-block uagb-block-37ae28fe\">\n<div class=\"wp-block-uagb-container uagb-block-ca9515d5\">\n<div class=\"wp-block-uagb-advanced-heading uagb-block-e9bfa02d\"><h3 class=\"uagb-heading-text\">Studijo Wallart<\/h3><\/div>\n\n\n\n<div class=\"wp-block-uagb-advanced-heading uagb-block-9c45fb4c\"><p class=\"uagb-heading-text\">Designer wallpapers<\/p><\/div>\n<\/div>\n<a class=\"spectra-container-link-overlay\" rel=\"noopener\" target=\"_blank\" href=\"#\"> <\/a><\/div>\n\n\n\n<div class=\"wp-block-uagb-container custom-colab-block uagb-block-952f531b\">\n<div class=\"wp-block-uagb-container uagb-block-b91fd742\">\n<div class=\"wp-block-uagb-advanced-heading uagb-block-ebf9697f\"><h3 class=\"uagb-heading-text\">TMARA design<\/h3><\/div>\n\n\n\n<div class=\"wp-block-uagb-advanced-heading uagb-block-3da26aca\"><p class=\"uagb-heading-text\">Detalji vje\u0161alica, metalne konstrukcije polica<\/p><\/div>\n<\/div>\n<a class=\"spectra-container-link-overlay\" rel=\"noopener\" target=\"_blank\" href=\"#\"> <\/a><\/div>\n\n\n\n<div class=\"wp-block-uagb-container custom-colab-block uagb-block-1bfd2399\">\n<div class=\"wp-block-uagb-container uagb-block-659b4f37\">\n<div class=\"wp-block-uagb-advanced-heading uagb-block-1bcbf6b1\"><h3 class=\"uagb-heading-text\">Globo<\/h3><\/div>\n\n\n\n<div class=\"wp-block-uagb-advanced-heading uagb-block-771e906e\"><p class=\"uagb-heading-text\">Lighting<\/p><\/div>\n<\/div>\n<a class=\"spectra-container-link-overlay\" rel=\"noopener\" target=\"_blank\" href=\"#\"> <\/a><\/div>\n\n\n\n<div class=\"wp-block-uagb-container custom-colab-block uagb-block-1a06bc6e\">\n<div class=\"wp-block-uagb-container uagb-block-93bd3c84\">\n<div class=\"wp-block-uagb-advanced-heading uagb-block-fa2462b0\"><h3 class=\"uagb-heading-text\">M RASVJETA<\/h3><\/div>\n\n\n\n<div class=\"wp-block-uagb-advanced-heading uagb-block-370b7d06\"><p class=\"uagb-heading-text\">Lighting<\/p><\/div>\n<\/div>\n<a class=\"spectra-container-link-overlay\" rel=\"noopener\" target=\"_blank\" href=\"#\"> <\/a><\/div>\n\n\n\n<div class=\"wp-block-uagb-container custom-colab-block uagb-block-87f53238\">\n<div class=\"wp-block-uagb-container uagb-block-35820718\">\n<div class=\"wp-block-uagb-advanced-heading uagb-block-8cefc870\"><h3 class=\"uagb-heading-text\">LEO GRES<\/h3><\/div>\n\n\n\n<div class=\"wp-block-uagb-advanced-heading uagb-block-e87f0ef5\"><p class=\"uagb-heading-text\">Ceramics<\/p><\/div>\n<\/div>\n<a class=\"spectra-container-link-overlay\" rel=\"noopener\" target=\"_blank\" href=\"#\"> <\/a><\/div>\n\n\n\n<div class=\"wp-block-uagb-container custom-colab-block uagb-block-e811d342\">\n<div class=\"wp-block-uagb-container uagb-block-4314b47f\">\n<div class=\"wp-block-uagb-advanced-heading uagb-block-d441a5f5\"><h3 class=\"uagb-heading-text\">UNICOOP<\/h3><\/div>\n\n\n\n<div class=\"wp-block-uagb-advanced-heading uagb-block-e24f2cea\"><p class=\"uagb-heading-text\">Ceramics<\/p><\/div>\n<\/div>\n<a class=\"spectra-container-link-overlay\" rel=\"noopener\" target=\"_blank\" href=\"#\"> <\/a><\/div>\n\n\n\n<div class=\"wp-block-uagb-container custom-colab-block uagb-block-d846f850\">\n<div class=\"wp-block-uagb-container uagb-block-0fe406c5\">\n<div class=\"wp-block-uagb-advanced-heading uagb-block-38448439\"><h3 class=\"uagb-heading-text\">GAUDI<\/h3><\/div>\n\n\n\n<div class=\"wp-block-uagb-advanced-heading uagb-block-df572ce3\"><p class=\"uagb-heading-text\">Stucco moldings<\/p><\/div>\n<\/div>\n<a class=\"spectra-container-link-overlay\" rel=\"noopener\" target=\"_blank\" href=\"#\"> <\/a><\/div>\n\n\n\n<div class=\"wp-block-uagb-container custom-colab-block uagb-block-5e081e3d\">\n<div class=\"wp-block-uagb-container uagb-block-3eb1a1c6\">\n<div class=\"wp-block-uagb-advanced-heading uagb-block-3093dd23\"><h3 class=\"uagb-heading-text\">NOEL &amp; MARQUET<\/h3><\/div>\n\n\n\n<div class=\"wp-block-uagb-advanced-heading uagb-block-5ba83094\"><p class=\"uagb-heading-text\">Stucco moldings<\/p><\/div>\n<\/div>\n<a class=\"spectra-container-link-overlay\" rel=\"noopener\" target=\"_blank\" href=\"#\"> <\/a><\/div>\n\n\n\n<div class=\"wp-block-uagb-container custom-colab-block uagb-block-8f5cfc9d\">\n<div class=\"wp-block-uagb-container uagb-block-08506ea6\">\n<div class=\"wp-block-uagb-advanced-heading uagb-block-6fa28d65\"><h3 class=\"uagb-heading-text\">TARKETT<\/h3><\/div>\n\n\n\n<div class=\"wp-block-uagb-advanced-heading uagb-block-f4d4785a\"><p class=\"uagb-heading-text\">Carpet tiles, floor coverings<\/p><\/div>\n<\/div>\n<a class=\"spectra-container-link-overlay\" rel=\"noopener\" target=\"_blank\" href=\"#\"> <\/a><\/div>\n\n\n\n<div class=\"wp-block-uagb-container custom-colab-block uagb-block-77c785c5\">\n<div class=\"wp-block-uagb-container uagb-block-fdcc116a\">\n<div class=\"wp-block-uagb-advanced-heading uagb-block-b244beb7\"><h3 class=\"uagb-heading-text\">DAS PROM<\/h3><\/div>\n\n\n\n<div class=\"wp-block-uagb-advanced-heading uagb-block-3e124f61\"><p class=\"uagb-heading-text\">Glass partitions and mirrors<\/p><\/div>\n<\/div>\n<a class=\"spectra-container-link-overlay\" rel=\"noopener\" target=\"_blank\" href=\"#\"> <\/a><\/div>\n\n\n\n<div class=\"wp-block-uagb-container custom-colab-block uagb-block-e56fc566\">\n<div class=\"wp-block-uagb-container uagb-block-7203c074\">\n<div class=\"wp-block-uagb-advanced-heading uagb-block-fbfec19b\"><h3 class=\"uagb-heading-text\">LIVOLO<\/h3><\/div>\n\n\n\n<div class=\"wp-block-uagb-advanced-heading uagb-block-c5eb9394\"><p class=\"uagb-heading-text\">Smart switches and sockets<\/p><\/div>\n<\/div>\n<a class=\"spectra-container-link-overlay\" rel=\"noopener\" target=\"_blank\" href=\"#\"> <\/a><\/div>\n\n\n\n<div class=\"wp-block-uagb-container custom-colab-block uagb-block-59feb515\">\n<div class=\"wp-block-uagb-container uagb-block-4e09be4b\">\n<div class=\"wp-block-uagb-advanced-heading uagb-block-a1c02675\"><h3 class=\"uagb-heading-text\">DRVOPRODEX<\/h3><\/div>\n\n\n\n<div class=\"wp-block-uagb-advanced-heading uagb-block-a666b60c\"><p class=\"uagb-heading-text\">Parquet<\/p><\/div>\n<\/div>\n<a class=\"spectra-container-link-overlay\" rel=\"noopener\" target=\"_blank\" href=\"#\"> <\/a><\/div>\n<\/div><\/div>\n<\/div><\/div>\n\n\n\n<div class=\"wp-block-uagb-container uagb-block-95cd1112 alignfull uagb-is-root-container\"><div class=\"uagb-container-inner-blocks-wrap\">\n<div class=\"wp-block-uagb-container uagb-block-e25c4294 alignfull uagb-is-root-container\"><div class=\"uagb-container-inner-blocks-wrap\">\n<div class=\"wp-block-uagb-container uagb-layout-flex uagb-block-2599b9b6\">\n<div class=\"wp-block-uagb-advanced-heading uagb-block-c87197af\"><p class=\"uagb-heading-text\">Phone number<\/p><\/div>\n\n\n\n<div class=\"wp-block-uagb-advanced-heading uagb-block-d9c5cbef\"><p class=\"uagb-heading-text\">+387 66 002 117<\/p><\/div>\n<\/div>\n\n\n\n<div class=\"wp-block-uagb-container uagb-layout-flex uagb-block-a3e690b0\">\n<div class=\"wp-block-uagb-advanced-heading uagb-block-4b5642de\"><p class=\"uagb-heading-text\">Email<\/p><\/div>\n\n\n\n<div class=\"wp-block-uagb-advanced-heading uagb-block-3ee1d8d8\"><p class=\"uagb-heading-text\">jelena.popovic.architect@gmail.com<\/p><\/div>\n<\/div>\n\n\n\n<div class=\"wp-block-uagb-container uagb-layout-flex uagb-block-49cd7db0\">\n<div class=\"wp-block-uagb-buttons uagb-buttons__outer-wrap uagb-btn__default-btn uagb-btn-tablet__default-btn uagb-btn-mobile__default-btn uagb-block-1da8b042\"><div class=\"uagb-buttons__wrap uagb-buttons-layout-wrap\">\n<div class=\"wp-block-uagb-buttons-child uagb-buttons__outer-wrap uagb-block-45cc21a2 wp-block-button\"><div class=\"uagb-button__wrapper\"><a class=\"uagb-buttons-repeater wp-block-button__link\" aria-label=\"\" href=\"https:\/\/jelenapopovic-architect.com\/en\/kontakt\/\" rel=\"follow noopener\" target=\"_self\" role=\"button\"><div class=\"uagb-button__link\">CONTACT ME<\/div><\/a><\/div><\/div>\n<\/div><\/div>\n<\/div>\n<\/div><\/div>\n<\/div><\/div>","protected":false},"excerpt":{"rendered":"<p>SARADNICI Moji saradnici su tu da realizuju ba\u0161 svaki va\u0161 san! SARADNICI Moji saradnici su tu da realizuju ba\u0161 svaki va\u0161 san! OD IDEJE DO REALIZACIJE saradnici COMO Namje\u0161taj DEKOR CENTAR Namje\u0161taj i dekor Richmond interiors Namje\u0161taj LOFT DESIGN HOUSE Namje\u0161taj i dekor Sitform Namje\u0161taj Kare Namje\u0161taj i dekor Casa Bianca Namje\u0161taj i dekor Fotelja&hellip;&nbsp;<a href=\"https:\/\/jelenapopovic-architect.com\/en\/o-meni\/saradnici\/\" rel=\"bookmark\">Read More &raquo;<span class=\"screen-reader-text\">Collaborators<\/span><\/a><\/p>","protected":false},"author":1,"featured_media":0,"parent":417,"menu_order":2,"comment_status":"closed","ping_status":"closed","template":"page-templates\/template-pagebuilder-full-width.php","meta":{"om_disable_all_campaigns":false,"_uag_custom_page_level_css":"","_monsterinsights_skip_tracking":false,"_monsterinsights_sitenote_active":false,"_monsterinsights_sitenote_note":"","_monsterinsights_sitenote_category":0,"_uf_show_specific_survey":0,"_uf_disable_surveys":false,"neve_meta_sidebar":"","neve_meta_container":"","neve_meta_enable_content_width":"","neve_meta_content_width":0,"neve_meta_title_alignment":"","neve_meta_author_avatar":"","neve_post_elements_order":"","neve_meta_disable_header":"","neve_meta_disable_footer":"","neve_meta_disable_title":"","neve_meta_reading_time":"","footnotes":""},"class_list":["post-785","page","type-page","status-publish","hentry"],"aioseo_notices":[],"uagb_featured_image_src":{"full":false,"thumbnail":false,"medium":false,"medium_large":false,"large":false,"1536x1536":false,"2048x2048":false,"trp-custom-language-flag":false,"neve-blog":false},"uagb_author_info":{"display_name":"marko","author_link":"https:\/\/jelenapopovic-architect.com\/en\/author\/marko\/"},"uagb_comment_info":0,"uagb_excerpt":"SARADNICI Moji saradnici su tu da realizuju ba\u0161 svaki va\u0161 san! SARADNICI Moji saradnici su tu da realizuju ba\u0161 svaki va\u0161 san! OD IDEJE DO REALIZACIJE saradnici COMO Namje\u0161taj DEKOR CENTAR Namje\u0161taj i dekor Richmond interiors Namje\u0161taj LOFT DESIGN HOUSE Namje\u0161taj i dekor Sitform Namje\u0161taj Kare Namje\u0161taj i dekor Casa Bianca Namje\u0161taj i dekor Fotelja&hellip;&nbsp;Read&hellip;","_links":{"self":[{"href":"https:\/\/jelenapopovic-architect.com\/en\/wp-json\/wp\/v2\/pages\/785","targetHints":{"allow":["GET"]}}],"collection":[{"href":"https:\/\/jelenapopovic-architect.com\/en\/wp-json\/wp\/v2\/pages"}],"about":[{"href":"https:\/\/jelenapopovic-architect.com\/en\/wp-json\/wp\/v2\/types\/page"}],"author":[{"embeddable":true,"href":"https:\/\/jelenapopovic-architect.com\/en\/wp-json\/wp\/v2\/users\/1"}],"replies":[{"embeddable":true,"href":"https:\/\/jelenapopovic-architect.com\/en\/wp-json\/wp\/v2\/comments?post=785"}],"version-history":[{"count":5,"href":"https:\/\/jelenapopovic-architect.com\/en\/wp-json\/wp\/v2\/pages\/785\/revisions"}],"predecessor-version":[{"id":1286,"href":"https:\/\/jelenapopovic-architect.com\/en\/wp-json\/wp\/v2\/pages\/785\/revisions\/1286"}],"up":[{"embeddable":true,"href":"https:\/\/jelenapopovic-architect.com\/en\/wp-json\/wp\/v2\/pages\/417"}],"wp:attachment":[{"href":"https:\/\/jelenapopovic-architect.com\/en\/wp-json\/wp\/v2\/media?parent=785"}],"curies":[{"name":"wp","href":"https:\/\/api.w.org\/{rel}","templated":true}]}}